{"id":778,"date":"2021-11-25T14:45:57","date_gmt":"2021-11-25T14:45:57","guid":{"rendered":"https:\/\/childrightsenvironment.org\/consultation\/"},"modified":"2023-11-17T10:23:35","modified_gmt":"2023-11-17T10:23:35","slug":"consulta","status":"publish","type":"page","link":"https:\/\/childrightsenvironment.org\/es\/consulta\/","title":{"rendered":"Consultas"},"content":{"rendered":"<section class=\"l-section wpb_row height_medium\"><div class=\"l-section-h i-cf\"><div class=\"g-cols vc_row via_flex valign_top type_default stacking_default\"><div class=\"vc_col-sm-12 wpb_column vc_column_container\"><div class=\"vc_column-inner\"><div class=\"wpb_wrapper\"><div class=\"wpb_text_column marked blue\"><div class=\"wpb_wrapper\"><h1 style=\"text-align: center;\"><em>\u00a0<span class=\"TextRun MacChromeBold SCXW149177837 BCX9\" lang=\"ES-CO\" xml:lang=\"ES-CO\" data-contrast=\"none\"><span class=\"NormalTextRun SCXW149177837 BCX9\" data-ccp-parastyle=\"heading 1\">Consultas <\/span><span class=\"NormalTextRun SCXW149177837 BCX9\" data-ccp-parastyle=\"heading 1\">a los <\/span><\/span><span class=\"TrackedChange SCXW149177837 BCX9\"><span class=\"TextRun MacChromeBold SCXW149177837 BCX9\" lang=\"ES-AR\" xml:lang=\"ES-AR\" data-contrast=\"none\"><span class=\"NormalTextRun SCXW149177837 BCX9\" data-ccp-parastyle=\"heading 1\">ni\u00f1os<\/span><\/span><\/span><span class=\"TextRun MacChromeBold SCXW149177837 BCX9\" lang=\"ES-CO\" xml:lang=\"ES-CO\" data-contrast=\"none\"> <span class=\"NormalTextRun SCXW149177837 BCX9\" data-ccp-parastyle=\"heading 1\">y <\/span><span class=\"NormalTextRun SCXW149177837 BCX9\" data-ccp-parastyle=\"heading 1\">a las <\/span><span class=\"NormalTextRun SpellingErrorV2Themed SCXW149177837 BCX9\" data-ccp-parastyle=\"heading 1\">ninas<\/span><\/span><span class=\"EOP TrackedChange SCXW149177837 BCX9\" data-ccp-props=\"{&quot;134245418&quot;:true,&quot;134245529&quot;:true,&quot;201341983&quot;:0,&quot;335559738&quot;:400,&quot;335559739&quot;:160,&quot;335559740&quot;:259}\">\u00a0<\/span>\u00a0<\/em><\/h1>\n<\/div><\/div><div class=\"w-separator size_small\"><\/div><div class=\"wpb_text_column\"><div class=\"wpb_wrapper\"><p aria-level=\"1\"><span data-contrast=\"auto\">Dise<\/span><span data-contrast=\"auto\">\u00f1a<\/span><span data-contrast=\"auto\">da conjuntamente por el grupo directivo de la Observaci\u00f3n General n.\u00ba 26 y el equipo asesor infantil, se realizaron consultas a los ni\u00f1os y las ni\u00f1as de todo el mundo. Los ni\u00f1os y las ni\u00f1as compartieron sus opiniones e ideas sobre lo que se deber\u00eda incluir en la Observaci\u00f3n General: <\/span><span data-ccp-props=\"{&quot;134245418&quot;:true,&quot;134245529&quot;:true,&quot;201341983&quot;:0,&quot;335559738&quot;:400,&quot;335559739&quot;:160,&quot;335559740&quot;:259}\">\u00a0<\/span><\/p>\n<ul>\n<li data-leveltext=\"\u25cf\" data-font=\"Roboto\" data-listid=\"4\" data-list-defn-props=\"{&quot;335552541&quot;:1,&quot;335559684&quot;:-2,&quot;335559685&quot;:720,&quot;335559991&quot;:360,&quot;469769242&quot;:&#091;8226&#093;,&quot;469777803&quot;:&quot;left&quot;,&quot;469777804&quot;:&quot;\u25cf&quot;,&quot;469777815&quot;:&quot;multilevel&quot;}\" aria-setsize=\"-1\" data-aria-posinset=\"1\" data-aria-level=\"1\"><span data-contrast=\"auto\">Responder a los cuestionarios<\/span><span data-ccp-props=\"{&quot;201341983&quot;:0,&quot;335559738&quot;:240,&quot;335559740&quot;:276}\">\u00a0<\/span><\/li>\n<li data-leveltext=\"\u25cf\" data-font=\"Roboto\" data-listid=\"4\" data-list-defn-props=\"{&quot;335552541&quot;:1,&quot;335559684&quot;:-2,&quot;335559685&quot;:720,&quot;335559991&quot;:360,&quot;469769242&quot;:&#091;8226&#093;,&quot;469777803&quot;:&quot;left&quot;,&quot;469777804&quot;:&quot;\u25cf&quot;,&quot;469777815&quot;:&quot;multilevel&quot;}\" aria-setsize=\"-1\" data-aria-posinset=\"2\" data-aria-level=\"1\"><span data-contrast=\"auto\">Participar en talleres creativos dirigidos por ni\u00f1os, ni\u00f1as, j\u00f3venes, escuelas y organizaciones utilizando un conjunto de herramientas de participaci\u00f3n.\u00a0<\/span><span data-ccp-props=\"{&quot;201341983&quot;:0,&quot;335559739&quot;:240,&quot;335559740&quot;:276}\">\u00a0<\/span><\/li>\n<\/ul>\n<p><span data-contrast=\"auto\">Se recibieron <\/span><b><span data-contrast=\"auto\">16.331 <\/span><\/b><span data-contrast=\"auto\">contribuciones de ni\u00f1os y ni\u00f1as de <\/span><b><span data-contrast=\"auto\">121 pa\u00edses<\/span><\/b><span data-contrast=\"auto\">.<\/span><span data-ccp-props=\"{&quot;201341983&quot;:0,&quot;335559738&quot;:240,&quot;335559739&quot;:240,&quot;335559740&quot;:276}\">\u00a0<\/span><\/p>\n<\/div><\/div><div class=\"w-btn-wrapper align_none\"><a class=\"w-btn us-btn-style_1\" title=\"Get involved\" href=\"https:\/\/childrightsenvironment.org\/wp-content\/uploads\/2022\/09\/Informe-de-la-primera-consulta-a-ninos-y-jovenes-1.pdf\"><span class=\"w-btn-label\">Resultados de la primera fase<\/span><\/a><\/div><div class=\"w-separator size_small\"><\/div><div class=\"w-btn-wrapper align_none\"><a class=\"w-btn us-btn-style_1\" title=\"Get involved\" href=\"https:\/\/childrightsenvironment.org\/wp-content\/uploads\/2023\/06\/ESPANOL_Findings-from-the-Second-Phase-of-Consultations-with-Children-and-Young-People-for-General-Comment-No.26-7.pdf\"><span class=\"w-btn-label\">Resultados de la segunda fase<\/span><\/a><\/div><div class=\"w-separator size_small\"><\/div><div class=\"wpb_text_column\"><div class=\"wpb_wrapper\"><h3><strong><span class=\"TextRun MacChromeBold SCXW30203247 BCX9\" lang=\"ES-CO\" xml:lang=\"ES-CO\" data-contrast=\"auto\"><span class=\"NormalTextRun SCXW30203247 BCX9\" data-ccp-parastyle=\"heading 2\">Nuestro planeta, <\/span><span class=\"NormalTextRun SCXW30203247 BCX9\" data-ccp-parastyle=\"heading 2\">N<\/span><span class=\"NormalTextRun SCXW30203247 BCX9\" data-ccp-parastyle=\"heading 2\">uestros <\/span><span class=\"NormalTextRun SCXW30203247 BCX9\" data-ccp-parastyle=\"heading 2\">D<\/span><span class=\"NormalTextRun SCXW30203247 BCX9\" data-ccp-parastyle=\"heading 2\">erechos, <\/span><span class=\"NormalTextRun SCXW30203247 BCX9\" data-ccp-parastyle=\"heading 2\">N<\/span><span class=\"NormalTextRun SCXW30203247 BCX9\" data-ccp-parastyle=\"heading 2\">uestras <\/span><span class=\"NormalTextRun SCXW30203247 BCX9\" data-ccp-parastyle=\"heading 2\">V<\/span><span class=\"NormalTextRun SCXW30203247 BCX9\" data-ccp-parastyle=\"heading 2\">oces: Carta Mundial de l<\/span><span class=\"NormalTextRun SCXW30203247 BCX9\" data-ccp-parastyle=\"heading 2\">a Infancia<\/span><span class=\"NormalTextRun SCXW30203247 BCX9\" data-ccp-parastyle=\"heading 2\">\u00a0\u00a0\u00a0<\/span><\/span><span class=\"EOP SCXW30203247 BCX9\" data-ccp-props=\"{&quot;134245418&quot;:true,&quot;134245529&quot;:true,&quot;201341983&quot;:0,&quot;335559738&quot;:360,&quot;335559739&quot;:120,&quot;335559740&quot;:276}\">\u00a0<\/span><\/strong><\/h3>\n<p><span class=\"TextRun SCXW25533128 BCX9\" lang=\"ES-CO\" xml:lang=\"ES-CO\" data-contrast=\"auto\"><span class=\"NormalTextRun SCXW25533128 BCX9\">La infancia reclama un mundo seguro, sano y sostenible que respete sus derechos. Junto con el grupo directivo de la Observaci\u00f3n General n.\u00ba 26, el <\/span><span class=\"NormalTextRun SCXW25533128 BCX9\">equipo asesor infantil<\/span> <span class=\"NormalTextRun SCXW25533128 BCX9\">ha creado <\/span><\/span><span class=\"TextRun SCXW25533128 BCX9\" lang=\"ES-CO\" xml:lang=\"ES-CO\" data-contrast=\"auto\"><span class=\"NormalTextRun SCXW25533128 BCX9\">Nuestro planeta, Nuestros Derechos, Nuestras Voces<\/span><\/span><span class=\"TextRun SCXW25533128 BCX9\" lang=\"ES-CO\" xml:lang=\"ES-CO\" data-contrast=\"auto\"><span class=\"NormalTextRun SCXW25533128 BCX9\">: una Carta Mundial de la Infancia. Se trata de una ventana abierta a algunos de los mensajes clave, historias y llamados a la acci\u00f3n que los ni\u00f1os y ni\u00f1as compartieron como parte del proceso global de creaci\u00f3n de la Observaci\u00f3n General n.\u00ba 26. En la medida de lo posible, utiliza las propias opiniones de los ni\u00f1os y ni\u00f1as para ilustrar su visi\u00f3n de un mundo limpio, sano y sostenible.<\/span><\/span><span class=\"EOP SCXW25533128 BCX9\" data-ccp-props=\"{&quot;201341983&quot;:0,&quot;335551550&quot;:6,&quot;335551620&quot;:6,&quot;335559740&quot;:276}\">\u00a0<\/span><\/p>\n<\/div><\/div><div class=\"w-btn-wrapper align_none\"><a class=\"w-btn us-btn-style_1\" title=\"Get involved\" href=\"https:\/\/childrightsenvironment.org\/global-charter\/\"><span class=\"w-btn-label\">Explore Nuestro Planeta, Nuestros Derechos, Nuestras voces<\/span><\/a><\/div><div class=\"w-separator size_small\"><\/div><div class=\"w-btn-wrapper align_none\"><a class=\"w-btn us-btn-style_1\" title=\"Get involved\" href=\"https:\/\/childrightsenvironment.org\/es\/carta-mundial\/galeria-de-arte\/\"><span class=\"w-btn-label\">Vea nuestra Galer\u00eda de Arte Digital<\/span><\/a><\/div><div class=\"wpb_text_column\"><div class=\"wpb_wrapper\"><p><span class=\"TextRun SCXW121322609 BCX9\" lang=\"ES-CO\" xml:lang=\"ES-CO\" data-contrast=\"auto\"><span class=\"NormalTextRun SCXW121322609 BCX9\">Nuestro Planeta, Nuestros Derechos, Nuestras Voces no es un documento oficial del Comit\u00e9 de los Derechos del Ni\u00f1o de las Naciones Unidas.<\/span><\/span><\/p>\n<\/div><\/div><\/div><\/div><\/div><\/div><\/div><\/section>\n","protected":false},"excerpt":{"rendered":"\u00a0Consultas a los ni\u00f1os y a las ninas\u00a0\u00a0 Dise\u00f1ada conjuntamente por el grupo directivo de la Observaci\u00f3n General n.\u00ba 26 y el equipo asesor infantil, se realizaron consultas a los ni\u00f1os y las ni\u00f1as de todo el mundo. Los ni\u00f1os y las ni\u00f1as compartieron sus opiniones e ideas sobre lo que se deber\u00eda incluir en...","protected":false},"author":1,"featured_media":859,"parent":0,"menu_order":0,"comment_status":"closed","ping_status":"closed","template":"","meta":{"_acf_changed":false,"footnotes":""},"class_list":["post-778","page","type-page","status-publish","has-post-thumbnail","hentry"],"acf":[],"yoast_head":"<!-- This site is optimized with the Yoast SEO plugin v27.6 - https:\/\/yoast.com\/product\/yoast-seo-wordpress\/ -->\n<title>Consultas | Observaci\u00f3n General No. 26 sobre los Derechos del Ni\u00f1o y el Medio Ambiente<\/title>\n<meta name=\"description\" content=\"La ONU est\u00e1 consultando ni\u00f1os, ni\u00f1as y j\u00f3venes, para informar sobre la Observaci\u00f3n General sobre los Derechos del Ni\u00f1o y el Medio Ambiente. \u00a1Participa!\" \/>\n<meta name=\"robots\" content=\"index, follow, max-snippet:-1, max-image-preview:large, max-video-preview:-1\" \/>\n<link rel=\"canonical\" href=\"https:\/\/childrightsenvironment.org\/es\/consulta\/\" \/>\n<meta property=\"og:locale\" content=\"es_ES\" \/>\n<meta property=\"og:type\" content=\"article\" \/>\n<meta property=\"og:title\" content=\"Consultas | Observaci\u00f3n General No. 26 sobre los Derechos del Ni\u00f1o y el Medio Ambiente\" \/>\n<meta property=\"og:description\" content=\"La ONU est\u00e1 consultando ni\u00f1os, ni\u00f1as y j\u00f3venes, para informar sobre la Observaci\u00f3n General sobre los Derechos del Ni\u00f1o y el Medio Ambiente. \u00a1Participa!\" \/>\n<meta property=\"og:url\" content=\"https:\/\/childrightsenvironment.org\/es\/consulta\/\" \/>\n<meta property=\"og:site_name\" content=\"Observaci\u00f3n General No. 26 sobre los Derechos del Ni\u00f1o y el Medio Ambiente\" \/>\n<meta property=\"article:publisher\" content=\"https:\/\/www.facebook.com\/tdh.de\" \/>\n<meta property=\"article:modified_time\" content=\"2023-11-17T10:23:35+00:00\" \/>\n<meta property=\"og:image\" content=\"https:\/\/childrightsenvironment.org\/wp-content\/uploads\/2021\/12\/GC-thumbnail_ES.jpg\" \/>\n\t<meta property=\"og:image:width\" content=\"811\" \/>\n\t<meta property=\"og:image:height\" content=\"811\" \/>\n\t<meta property=\"og:image:type\" content=\"image\/jpeg\" \/>\n<meta name=\"twitter:card\" content=\"summary_large_image\" \/>\n<meta name=\"twitter:site\" content=\"@tdh_de\" \/>\n<meta name=\"twitter:label1\" content=\"Tiempo de lectura\" \/>\n\t<meta name=\"twitter:data1\" content=\"3 minutos\" \/>\n<script type=\"application\/ld+json\" class=\"yoast-schema-graph\">{\"@context\":\"https:\\\/\\\/schema.org\",\"@graph\":[{\"@type\":\"WebPage\",\"@id\":\"https:\\\/\\\/childrightsenvironment.org\\\/es\\\/consulta\\\/\",\"url\":\"https:\\\/\\\/childrightsenvironment.org\\\/es\\\/consulta\\\/\",\"name\":\"Consultas | Observaci\u00f3n General No. 26 sobre los Derechos del Ni\u00f1o y el Medio Ambiente\",\"isPartOf\":{\"@id\":\"https:\\\/\\\/childrightsenvironment.org\\\/es\\\/#website\"},\"primaryImageOfPage\":{\"@id\":\"https:\\\/\\\/childrightsenvironment.org\\\/es\\\/consulta\\\/#primaryimage\"},\"image\":{\"@id\":\"https:\\\/\\\/childrightsenvironment.org\\\/es\\\/consulta\\\/#primaryimage\"},\"thumbnailUrl\":\"https:\\\/\\\/childrightsenvironment.org\\\/wp-content\\\/uploads\\\/2021\\\/12\\\/GC-thumbnail_ES.jpg\",\"datePublished\":\"2021-11-25T14:45:57+00:00\",\"dateModified\":\"2023-11-17T10:23:35+00:00\",\"description\":\"La ONU est\u00e1 consultando ni\u00f1os, ni\u00f1as y j\u00f3venes, para informar sobre la Observaci\u00f3n General sobre los Derechos del Ni\u00f1o y el Medio Ambiente. \u00a1Participa!\",\"breadcrumb\":{\"@id\":\"https:\\\/\\\/childrightsenvironment.org\\\/es\\\/consulta\\\/#breadcrumb\"},\"inLanguage\":\"es\",\"potentialAction\":[{\"@type\":\"ReadAction\",\"target\":[\"https:\\\/\\\/childrightsenvironment.org\\\/es\\\/consulta\\\/\"]}]},{\"@type\":\"ImageObject\",\"inLanguage\":\"es\",\"@id\":\"https:\\\/\\\/childrightsenvironment.org\\\/es\\\/consulta\\\/#primaryimage\",\"url\":\"https:\\\/\\\/childrightsenvironment.org\\\/wp-content\\\/uploads\\\/2021\\\/12\\\/GC-thumbnail_ES.jpg\",\"contentUrl\":\"https:\\\/\\\/childrightsenvironment.org\\\/wp-content\\\/uploads\\\/2021\\\/12\\\/GC-thumbnail_ES.jpg\",\"width\":811,\"height\":811},{\"@type\":\"BreadcrumbList\",\"@id\":\"https:\\\/\\\/childrightsenvironment.org\\\/es\\\/consulta\\\/#breadcrumb\",\"itemListElement\":[{\"@type\":\"ListItem\",\"position\":1,\"name\":\"Home\",\"item\":\"https:\\\/\\\/childrightsenvironment.org\\\/es\\\/\"},{\"@type\":\"ListItem\",\"position\":2,\"name\":\"Consultas\"}]},{\"@type\":\"WebSite\",\"@id\":\"https:\\\/\\\/childrightsenvironment.org\\\/es\\\/#website\",\"url\":\"https:\\\/\\\/childrightsenvironment.org\\\/es\\\/\",\"name\":\"General Comment \u2013\u00a0Child rights, environment and climate change\",\"description\":\"Derechos del ni\u00f1o, medio ambiente y cambio clim\u00e1tico\",\"publisher\":{\"@id\":\"https:\\\/\\\/childrightsenvironment.org\\\/es\\\/#organization\"},\"potentialAction\":[{\"@type\":\"SearchAction\",\"target\":{\"@type\":\"EntryPoint\",\"urlTemplate\":\"https:\\\/\\\/childrightsenvironment.org\\\/es\\\/?s={search_term_string}\"},\"query-input\":{\"@type\":\"PropertyValueSpecification\",\"valueRequired\":true,\"valueName\":\"search_term_string\"}}],\"inLanguage\":\"es\"},{\"@type\":\"Organization\",\"@id\":\"https:\\\/\\\/childrightsenvironment.org\\\/es\\\/#organization\",\"name\":\"General Comment \u2013 Child rights, environment and climate change\",\"url\":\"https:\\\/\\\/childrightsenvironment.org\\\/es\\\/\",\"logo\":{\"@type\":\"ImageObject\",\"inLanguage\":\"es\",\"@id\":\"https:\\\/\\\/childrightsenvironment.org\\\/es\\\/#\\\/schema\\\/logo\\\/image\\\/\",\"url\":\"https:\\\/\\\/childrightsenvironment.org\\\/wp-content\\\/uploads\\\/2021\\\/11\\\/211124_Logo-web-small.png\",\"contentUrl\":\"https:\\\/\\\/childrightsenvironment.org\\\/wp-content\\\/uploads\\\/2021\\\/11\\\/211124_Logo-web-small.png\",\"width\":450,\"height\":192,\"caption\":\"General Comment \u2013 Child rights, environment and climate change\"},\"image\":{\"@id\":\"https:\\\/\\\/childrightsenvironment.org\\\/es\\\/#\\\/schema\\\/logo\\\/image\\\/\"},\"sameAs\":[\"https:\\\/\\\/www.facebook.com\\\/tdh.de\",\"https:\\\/\\\/x.com\\\/tdh_de\",\"https:\\\/\\\/www.instagram.com\\\/tdh_de\\\/\",\"https:\\\/\\\/www.linkedin.com\\\/company\\\/terre-des-hommes-deutschland\\\/\",\"https:\\\/\\\/www.youtube.com\\\/user\\\/tdhdeutschland\\\/channels\",\"https:\\\/\\\/de.wikipedia.org\\\/wiki\\\/Terre_des_hommes\"]}]}<\/script>\n<!-- \/ Yoast SEO plugin. -->","yoast_head_json":{"title":"Consultas | Observaci\u00f3n General No. 26 sobre los Derechos del Ni\u00f1o y el Medio Ambiente","description":"La ONU est\u00e1 consultando ni\u00f1os, ni\u00f1as y j\u00f3venes, para informar sobre la Observaci\u00f3n General sobre los Derechos del Ni\u00f1o y el Medio Ambiente. \u00a1Participa!","robots":{"index":"index","follow":"follow","max-snippet":"max-snippet:-1","max-image-preview":"max-image-preview:large","max-video-preview":"max-video-preview:-1"},"canonical":"https:\/\/childrightsenvironment.org\/es\/consulta\/","og_locale":"es_ES","og_type":"article","og_title":"Consultas | Observaci\u00f3n General No. 26 sobre los Derechos del Ni\u00f1o y el Medio Ambiente","og_description":"La ONU est\u00e1 consultando ni\u00f1os, ni\u00f1as y j\u00f3venes, para informar sobre la Observaci\u00f3n General sobre los Derechos del Ni\u00f1o y el Medio Ambiente. \u00a1Participa!","og_url":"https:\/\/childrightsenvironment.org\/es\/consulta\/","og_site_name":"Observaci\u00f3n General No. 26 sobre los Derechos del Ni\u00f1o y el Medio Ambiente","article_publisher":"https:\/\/www.facebook.com\/tdh.de","article_modified_time":"2023-11-17T10:23:35+00:00","og_image":[{"width":811,"height":811,"url":"https:\/\/childrightsenvironment.org\/wp-content\/uploads\/2021\/12\/GC-thumbnail_ES.jpg","type":"image\/jpeg"}],"twitter_card":"summary_large_image","twitter_site":"@tdh_de","twitter_misc":{"Tiempo de lectura":"3 minutos"},"schema":{"@context":"https:\/\/schema.org","@graph":[{"@type":"WebPage","@id":"https:\/\/childrightsenvironment.org\/es\/consulta\/","url":"https:\/\/childrightsenvironment.org\/es\/consulta\/","name":"Consultas | Observaci\u00f3n General No. 26 sobre los Derechos del Ni\u00f1o y el Medio Ambiente","isPartOf":{"@id":"https:\/\/childrightsenvironment.org\/es\/#website"},"primaryImageOfPage":{"@id":"https:\/\/childrightsenvironment.org\/es\/consulta\/#primaryimage"},"image":{"@id":"https:\/\/childrightsenvironment.org\/es\/consulta\/#primaryimage"},"thumbnailUrl":"https:\/\/childrightsenvironment.org\/wp-content\/uploads\/2021\/12\/GC-thumbnail_ES.jpg","datePublished":"2021-11-25T14:45:57+00:00","dateModified":"2023-11-17T10:23:35+00:00","description":"La ONU est\u00e1 consultando ni\u00f1os, ni\u00f1as y j\u00f3venes, para informar sobre la Observaci\u00f3n General sobre los Derechos del Ni\u00f1o y el Medio Ambiente. \u00a1Participa!","breadcrumb":{"@id":"https:\/\/childrightsenvironment.org\/es\/consulta\/#breadcrumb"},"inLanguage":"es","potentialAction":[{"@type":"ReadAction","target":["https:\/\/childrightsenvironment.org\/es\/consulta\/"]}]},{"@type":"ImageObject","inLanguage":"es","@id":"https:\/\/childrightsenvironment.org\/es\/consulta\/#primaryimage","url":"https:\/\/childrightsenvironment.org\/wp-content\/uploads\/2021\/12\/GC-thumbnail_ES.jpg","contentUrl":"https:\/\/childrightsenvironment.org\/wp-content\/uploads\/2021\/12\/GC-thumbnail_ES.jpg","width":811,"height":811},{"@type":"BreadcrumbList","@id":"https:\/\/childrightsenvironment.org\/es\/consulta\/#breadcrumb","itemListElement":[{"@type":"ListItem","position":1,"name":"Home","item":"https:\/\/childrightsenvironment.org\/es\/"},{"@type":"ListItem","position":2,"name":"Consultas"}]},{"@type":"WebSite","@id":"https:\/\/childrightsenvironment.org\/es\/#website","url":"https:\/\/childrightsenvironment.org\/es\/","name":"General Comment \u2013\u00a0Child rights, environment and climate change","description":"Derechos del ni\u00f1o, medio ambiente y cambio clim\u00e1tico","publisher":{"@id":"https:\/\/childrightsenvironment.org\/es\/#organization"},"potentialAction":[{"@type":"SearchAction","target":{"@type":"EntryPoint","urlTemplate":"https:\/\/childrightsenvironment.org\/es\/?s={search_term_string}"},"query-input":{"@type":"PropertyValueSpecification","valueRequired":true,"valueName":"search_term_string"}}],"inLanguage":"es"},{"@type":"Organization","@id":"https:\/\/childrightsenvironment.org\/es\/#organization","name":"General Comment \u2013 Child rights, environment and climate change","url":"https:\/\/childrightsenvironment.org\/es\/","logo":{"@type":"ImageObject","inLanguage":"es","@id":"https:\/\/childrightsenvironment.org\/es\/#\/schema\/logo\/image\/","url":"https:\/\/childrightsenvironment.org\/wp-content\/uploads\/2021\/11\/211124_Logo-web-small.png","contentUrl":"https:\/\/childrightsenvironment.org\/wp-content\/uploads\/2021\/11\/211124_Logo-web-small.png","width":450,"height":192,"caption":"General Comment \u2013 Child rights, environment and climate change"},"image":{"@id":"https:\/\/childrightsenvironment.org\/es\/#\/schema\/logo\/image\/"},"sameAs":["https:\/\/www.facebook.com\/tdh.de","https:\/\/x.com\/tdh_de","https:\/\/www.instagram.com\/tdh_de\/","https:\/\/www.linkedin.com\/company\/terre-des-hommes-deutschland\/","https:\/\/www.youtube.com\/user\/tdhdeutschland\/channels","https:\/\/de.wikipedia.org\/wiki\/Terre_des_hommes"]}]}},"_links":{"self":[{"href":"https:\/\/childrightsenvironment.org\/es\/wp-json\/wp\/v2\/pages\/778","targetHints":{"allow":["GET"]}}],"collection":[{"href":"https:\/\/childrightsenvironment.org\/es\/wp-json\/wp\/v2\/pages"}],"about":[{"href":"https:\/\/childrightsenvironment.org\/es\/wp-json\/wp\/v2\/types\/page"}],"author":[{"embeddable":true,"href":"https:\/\/childrightsenvironment.org\/es\/wp-json\/wp\/v2\/users\/1"}],"replies":[{"embeddable":true,"href":"https:\/\/childrightsenvironment.org\/es\/wp-json\/wp\/v2\/comments?post=778"}],"version-history":[{"count":31,"href":"https:\/\/childrightsenvironment.org\/es\/wp-json\/wp\/v2\/pages\/778\/revisions"}],"predecessor-version":[{"id":6155,"href":"https:\/\/childrightsenvironment.org\/es\/wp-json\/wp\/v2\/pages\/778\/revisions\/6155"}],"wp:featuredmedia":[{"embeddable":true,"href":"https:\/\/childrightsenvironment.org\/es\/wp-json\/wp\/v2\/media\/859"}],"wp:attachment":[{"href":"https:\/\/childrightsenvironment.org\/es\/wp-json\/wp\/v2\/media?parent=778"}],"curies":[{"name":"wp","href":"https:\/\/api.w.org\/{rel}","templated":true}]}}