{"id":767,"date":"2021-11-25T14:46:15","date_gmt":"2021-11-25T14:46:15","guid":{"rendered":"https:\/\/childrightsenvironment.org\/about\/"},"modified":"2023-12-12T11:51:08","modified_gmt":"2023-12-12T11:51:08","slug":"acerca-de","status":"publish","type":"page","link":"https:\/\/childrightsenvironment.org\/es\/acerca-de\/","title":{"rendered":"Acerca de"},"content":{"rendered":"<section class=\"l-section wpb_row grain height_medium\"><div class=\"l-section-overlay\" style=\"background:rgba(0,0,0,0.00)\"><\/div><div class=\"l-section-h i-cf\"><div class=\"g-cols vc_row via_flex valign_top type_default stacking_default\"><div class=\"vc_col-sm-12 wpb_column vc_column_container\"><div class=\"vc_column-inner\"><div class=\"wpb_wrapper\"><div class=\"wpb_text_column marked blue hide_on_mobiles\"><div class=\"wpb_wrapper\"><h1 style=\"text-align: center;\"><em>\u00a0<span class=\"TextRun MacChromeBold SCXW177761761 BCX9\" lang=\"ES-CO\" xml:lang=\"ES-CO\" data-contrast=\"none\"><span class=\"NormalTextRun SCXW177761761 BCX9\" data-ccp-parastyle=\"heading 2\">La c<\/span><span class=\"NormalTextRun SCXW177761761 BCX9\" data-ccp-parastyle=\"heading 2\">reaci\u00f3n de la<br \/>\nObservaci\u00f3n General <\/span><span class=\"NormalTextRun SCXW177761761 BCX9\" data-ccp-parastyle=\"heading 2\">n.\u00ba<\/span> <span class=\"NormalTextRun SCXW177761761 BCX9\" data-ccp-parastyle=\"heading 2\">26<\/span><\/span><span class=\"TextRun MacChromeBold SCXW177761761 BCX9\" lang=\"ES-CO\" xml:lang=\"ES-CO\" data-contrast=\"auto\"><span class=\"NormalTextRun SCXW177761761 BCX9\" data-ccp-parastyle=\"heading 2\">\u00a0<\/span><\/span><br \/>\n<\/em><\/h1>\n<\/div><\/div><div class=\"wpb_text_column marked blue hide_on_default hide_on_laptops hide_on_tablets\"><div class=\"wpb_wrapper\"><h1 style=\"text-align: center;\"><em>\u00a0<span class=\"TextRun MacChromeBold SCXW177761761 BCX9\" lang=\"ES-CO\" xml:lang=\"ES-CO\" data-contrast=\"none\"><span class=\"NormalTextRun SCXW177761761 BCX9\" data-ccp-parastyle=\"heading 2\">La c<\/span><span class=\"NormalTextRun SCXW177761761 BCX9\" data-ccp-parastyle=\"heading 2\">reaci\u00f3n de<br \/>\nla Observaci\u00f3n<br \/>\nGeneral <\/span><span class=\"NormalTextRun SCXW177761761 BCX9\" data-ccp-parastyle=\"heading 2\">n.\u00ba<\/span> <span class=\"NormalTextRun SCXW177761761 BCX9\" data-ccp-parastyle=\"heading 2\">26<\/span><\/span><span class=\"TextRun MacChromeBold SCXW177761761 BCX9\" lang=\"ES-CO\" xml:lang=\"ES-CO\" data-contrast=\"auto\"><span class=\"NormalTextRun SCXW177761761 BCX9\" data-ccp-parastyle=\"heading 2\">\u00a0<\/span><\/span><br \/>\n<\/em><\/h1>\n<\/div><\/div><div class=\"wpb_text_column us_custom_afa690d5\"><div class=\"wpb_wrapper\"><h3 style=\"text-align: center;\"><em>Crear normas universales para que los gobiernos defiendan los derechos de la ni\u00f1ez afectados por la crisis medioambiental y clim\u00e1tica<br \/>\n<\/em><\/h3>\n<\/div><\/div><\/div><\/div><\/div><\/div><\/div><\/section><section class=\"l-section wpb_row height_auto\"><div class=\"l-section-h i-cf\"><div class=\"g-cols vc_row via_flex valign_middle type_boxes reversed stacking_default\"><div class=\"vc_col-sm-6 wpb_column vc_column_container\"><div class=\"vc_column-inner\"><div class=\"wpb_wrapper\"><div class=\"wpb_text_column\"><div class=\"wpb_wrapper\"><p><span data-contrast=\"auto\">La Observaci\u00f3n General n.\u00ba 26 es la gu\u00eda autorizada del Comit\u00e9 de los Derechos del Ni\u00f1o de las Naciones Unidas sobre c\u00f3mo la crisis medioambiental afecta a los derechos del ni\u00f1o y qu\u00e9 deben hacer los gobiernos para defender estos derechos y garantizar que los ni\u00f1os y las ni\u00f1as vivan en un mundo limpio, sano y sostenible. <\/span><span data-ccp-props=\"{&quot;201341983&quot;:0,&quot;335551550&quot;:6,&quot;335551620&quot;:6,&quot;335559740&quot;:276}\">\u00a0<\/span><span data-ccp-props=\"{&quot;201341983&quot;:0,&quot;335551550&quot;:6,&quot;335551620&quot;:6,&quot;335559740&quot;:276}\">\u00a0<\/span><\/p>\n<p><span data-contrast=\"auto\">Entre diciembre de 2021 y febrero de 2023 se llevaron a cabo una serie de consultas en l\u00ednea y por medios convencionales a nivel local, regional y mundial para orientar la elaboraci\u00f3n de la Observaci\u00f3n General. En ellas participaron diversas partes interesadas, especialmente ni\u00f1os, ni\u00f1as, j\u00f3venes y las comunidades m\u00e1s afectadas por la crisis medioambiental. La primera fase de las consultas sirvi\u00f3 para elaborar el primer borrador de la Observaci\u00f3n General, mientras que la segunda sirvi\u00f3 para recopilar observaciones sobre el primer borrador.<\/span><span data-ccp-props=\"{&quot;134245417&quot;:false,&quot;201341983&quot;:0,&quot;335551550&quot;:6,&quot;335551620&quot;:6,&quot;335559740&quot;:276}\">\u00a0<\/span><\/p>\n<\/div><\/div><div class=\"w-btn-wrapper align_none\"><a class=\"w-btn us-btn-style_1\" href=\"https:\/\/www.ohchr.org\/en\/documents\/general-comments-and-recommendations\/crccgc26-general-comment-no-26-2023-childrens-rights\"><span class=\"w-btn-label\">M\u00e1s informaci\u00f3n sobre la consulta<\/span><\/a><\/div><div class=\"w-btn-wrapper align_none\"><a class=\"w-btn us-btn-style_1\" href=\"https:\/\/childrightsenvironment.org\/es\/observacion-general-no-26\/\"><span class=\"w-btn-label\">Leer la Observaci\u00f3n General N.\u00ba 26<\/span><\/a><\/div><\/div><\/div><\/div><div class=\"vc_col-sm-6 wpb_column vc_column_container grain  has_bg_color\"><div class=\"vc_column-inner us_custom_2aa97ecf us_animate_this\"><div class=\"vc_column-overlay\" style=\"background:rgba(26,26,26,0.00)\"><\/div><div class=\"wpb_wrapper\"><div class=\"w-separator size_custom\" style=\"height:250px\"><\/div><\/div><\/div><\/div><\/div><\/div><\/section>\n","protected":false},"excerpt":{"rendered":"\u00a0La creaci\u00f3n de la Observaci\u00f3n General n.\u00ba 26\u00a0 \u00a0La creaci\u00f3n de la Observaci\u00f3n General n.\u00ba 26\u00a0 Crear normas universales para que los gobiernos defiendan los derechos de la ni\u00f1ez afectados por la crisis medioambiental y clim\u00e1tica La Observaci\u00f3n General n.\u00ba 26 es la gu\u00eda autorizada del Comit\u00e9 de los Derechos del Ni\u00f1o de las Naciones...","protected":false},"author":1,"featured_media":859,"parent":0,"menu_order":0,"comment_status":"closed","ping_status":"closed","template":"","meta":{"_acf_changed":false,"footnotes":""},"class_list":["post-767","page","type-page","status-publish","has-post-thumbnail","hentry"],"acf":[],"yoast_head":"<!-- This site is optimized with the Yoast SEO plugin v27.5 - https:\/\/yoast.com\/product\/yoast-seo-wordpress\/ -->\n<title>Acerca de | Observaci\u00f3n General No. 26 sobre los Derechos del Ni\u00f1o y el Medio Ambiente<\/title>\n<meta name=\"description\" content=\"Crear normas universales para que los gobiernos defiendan los derechos de la ni\u00f1ez afectados por la crisis medioambiental y clim\u00e1tica. \u00a1Comparte tu voz!\" \/>\n<meta name=\"robots\" content=\"index, follow, max-snippet:-1, max-image-preview:large, max-video-preview:-1\" \/>\n<link rel=\"canonical\" href=\"https:\/\/childrightsenvironment.org\/es\/acerca-de\/\" \/>\n<meta property=\"og:locale\" content=\"es_ES\" \/>\n<meta property=\"og:type\" content=\"article\" \/>\n<meta property=\"og:title\" content=\"Acerca de | Observaci\u00f3n General No. 26 sobre los Derechos del Ni\u00f1o y el Medio Ambiente\" \/>\n<meta property=\"og:description\" content=\"Crear normas universales para que los gobiernos defiendan los derechos de la ni\u00f1ez afectados por la crisis medioambiental y clim\u00e1tica. \u00a1Comparte tu voz!\" \/>\n<meta property=\"og:url\" content=\"https:\/\/childrightsenvironment.org\/es\/acerca-de\/\" \/>\n<meta property=\"og:site_name\" content=\"Observaci\u00f3n General No. 26 sobre los Derechos del Ni\u00f1o y el Medio Ambiente\" \/>\n<meta property=\"article:publisher\" content=\"https:\/\/www.facebook.com\/tdh.de\" \/>\n<meta property=\"article:modified_time\" content=\"2023-12-12T11:51:08+00:00\" \/>\n<meta property=\"og:image\" content=\"https:\/\/childrightsenvironment.org\/wp-content\/uploads\/2021\/12\/GC-thumbnail_ES.jpg\" \/>\n\t<meta property=\"og:image:width\" content=\"811\" \/>\n\t<meta property=\"og:image:height\" content=\"811\" \/>\n\t<meta property=\"og:image:type\" content=\"image\/jpeg\" \/>\n<meta name=\"twitter:card\" content=\"summary_large_image\" \/>\n<meta name=\"twitter:site\" content=\"@tdh_de\" \/>\n<meta name=\"twitter:label1\" content=\"Tiempo de lectura\" \/>\n\t<meta name=\"twitter:data1\" content=\"3 minutos\" \/>\n<script type=\"application\/ld+json\" class=\"yoast-schema-graph\">{\"@context\":\"https:\\\/\\\/schema.org\",\"@graph\":[{\"@type\":\"WebPage\",\"@id\":\"https:\\\/\\\/childrightsenvironment.org\\\/es\\\/acerca-de\\\/\",\"url\":\"https:\\\/\\\/childrightsenvironment.org\\\/es\\\/acerca-de\\\/\",\"name\":\"Acerca de | Observaci\u00f3n General No. 26 sobre los Derechos del Ni\u00f1o y el Medio Ambiente\",\"isPartOf\":{\"@id\":\"https:\\\/\\\/childrightsenvironment.org\\\/es\\\/#website\"},\"primaryImageOfPage\":{\"@id\":\"https:\\\/\\\/childrightsenvironment.org\\\/es\\\/acerca-de\\\/#primaryimage\"},\"image\":{\"@id\":\"https:\\\/\\\/childrightsenvironment.org\\\/es\\\/acerca-de\\\/#primaryimage\"},\"thumbnailUrl\":\"https:\\\/\\\/childrightsenvironment.org\\\/wp-content\\\/uploads\\\/2021\\\/12\\\/GC-thumbnail_ES.jpg\",\"datePublished\":\"2021-11-25T14:46:15+00:00\",\"dateModified\":\"2023-12-12T11:51:08+00:00\",\"description\":\"Crear normas universales para que los gobiernos defiendan los derechos de la ni\u00f1ez afectados por la crisis medioambiental y clim\u00e1tica. \u00a1Comparte tu voz!\",\"breadcrumb\":{\"@id\":\"https:\\\/\\\/childrightsenvironment.org\\\/es\\\/acerca-de\\\/#breadcrumb\"},\"inLanguage\":\"es\",\"potentialAction\":[{\"@type\":\"ReadAction\",\"target\":[\"https:\\\/\\\/childrightsenvironment.org\\\/es\\\/acerca-de\\\/\"]}]},{\"@type\":\"ImageObject\",\"inLanguage\":\"es\",\"@id\":\"https:\\\/\\\/childrightsenvironment.org\\\/es\\\/acerca-de\\\/#primaryimage\",\"url\":\"https:\\\/\\\/childrightsenvironment.org\\\/wp-content\\\/uploads\\\/2021\\\/12\\\/GC-thumbnail_ES.jpg\",\"contentUrl\":\"https:\\\/\\\/childrightsenvironment.org\\\/wp-content\\\/uploads\\\/2021\\\/12\\\/GC-thumbnail_ES.jpg\",\"width\":811,\"height\":811},{\"@type\":\"BreadcrumbList\",\"@id\":\"https:\\\/\\\/childrightsenvironment.org\\\/es\\\/acerca-de\\\/#breadcrumb\",\"itemListElement\":[{\"@type\":\"ListItem\",\"position\":1,\"name\":\"Home\",\"item\":\"https:\\\/\\\/childrightsenvironment.org\\\/es\\\/\"},{\"@type\":\"ListItem\",\"position\":2,\"name\":\"Acerca de\"}]},{\"@type\":\"WebSite\",\"@id\":\"https:\\\/\\\/childrightsenvironment.org\\\/es\\\/#website\",\"url\":\"https:\\\/\\\/childrightsenvironment.org\\\/es\\\/\",\"name\":\"General Comment \u2013\u00a0Child rights, environment and climate change\",\"description\":\"Derechos del ni\u00f1o, medio ambiente y cambio clim\u00e1tico\",\"publisher\":{\"@id\":\"https:\\\/\\\/childrightsenvironment.org\\\/es\\\/#organization\"},\"potentialAction\":[{\"@type\":\"SearchAction\",\"target\":{\"@type\":\"EntryPoint\",\"urlTemplate\":\"https:\\\/\\\/childrightsenvironment.org\\\/es\\\/?s={search_term_string}\"},\"query-input\":{\"@type\":\"PropertyValueSpecification\",\"valueRequired\":true,\"valueName\":\"search_term_string\"}}],\"inLanguage\":\"es\"},{\"@type\":\"Organization\",\"@id\":\"https:\\\/\\\/childrightsenvironment.org\\\/es\\\/#organization\",\"name\":\"General Comment \u2013 Child rights, environment and climate change\",\"url\":\"https:\\\/\\\/childrightsenvironment.org\\\/es\\\/\",\"logo\":{\"@type\":\"ImageObject\",\"inLanguage\":\"es\",\"@id\":\"https:\\\/\\\/childrightsenvironment.org\\\/es\\\/#\\\/schema\\\/logo\\\/image\\\/\",\"url\":\"https:\\\/\\\/childrightsenvironment.org\\\/wp-content\\\/uploads\\\/2021\\\/11\\\/211124_Logo-web-small.png\",\"contentUrl\":\"https:\\\/\\\/childrightsenvironment.org\\\/wp-content\\\/uploads\\\/2021\\\/11\\\/211124_Logo-web-small.png\",\"width\":450,\"height\":192,\"caption\":\"General Comment \u2013 Child rights, environment and climate change\"},\"image\":{\"@id\":\"https:\\\/\\\/childrightsenvironment.org\\\/es\\\/#\\\/schema\\\/logo\\\/image\\\/\"},\"sameAs\":[\"https:\\\/\\\/www.facebook.com\\\/tdh.de\",\"https:\\\/\\\/x.com\\\/tdh_de\",\"https:\\\/\\\/www.instagram.com\\\/tdh_de\\\/\",\"https:\\\/\\\/www.linkedin.com\\\/company\\\/terre-des-hommes-deutschland\\\/\",\"https:\\\/\\\/www.youtube.com\\\/user\\\/tdhdeutschland\\\/channels\",\"https:\\\/\\\/de.wikipedia.org\\\/wiki\\\/Terre_des_hommes\"]}]}<\/script>\n<!-- \/ Yoast SEO plugin. -->","yoast_head_json":{"title":"Acerca de | Observaci\u00f3n General No. 26 sobre los Derechos del Ni\u00f1o y el Medio Ambiente","description":"Crear normas universales para que los gobiernos defiendan los derechos de la ni\u00f1ez afectados por la crisis medioambiental y clim\u00e1tica. \u00a1Comparte tu voz!","robots":{"index":"index","follow":"follow","max-snippet":"max-snippet:-1","max-image-preview":"max-image-preview:large","max-video-preview":"max-video-preview:-1"},"canonical":"https:\/\/childrightsenvironment.org\/es\/acerca-de\/","og_locale":"es_ES","og_type":"article","og_title":"Acerca de | Observaci\u00f3n General No. 26 sobre los Derechos del Ni\u00f1o y el Medio Ambiente","og_description":"Crear normas universales para que los gobiernos defiendan los derechos de la ni\u00f1ez afectados por la crisis medioambiental y clim\u00e1tica. \u00a1Comparte tu voz!","og_url":"https:\/\/childrightsenvironment.org\/es\/acerca-de\/","og_site_name":"Observaci\u00f3n General No. 26 sobre los Derechos del Ni\u00f1o y el Medio Ambiente","article_publisher":"https:\/\/www.facebook.com\/tdh.de","article_modified_time":"2023-12-12T11:51:08+00:00","og_image":[{"width":811,"height":811,"url":"https:\/\/childrightsenvironment.org\/wp-content\/uploads\/2021\/12\/GC-thumbnail_ES.jpg","type":"image\/jpeg"}],"twitter_card":"summary_large_image","twitter_site":"@tdh_de","twitter_misc":{"Tiempo de lectura":"3 minutos"},"schema":{"@context":"https:\/\/schema.org","@graph":[{"@type":"WebPage","@id":"https:\/\/childrightsenvironment.org\/es\/acerca-de\/","url":"https:\/\/childrightsenvironment.org\/es\/acerca-de\/","name":"Acerca de | Observaci\u00f3n General No. 26 sobre los Derechos del Ni\u00f1o y el Medio Ambiente","isPartOf":{"@id":"https:\/\/childrightsenvironment.org\/es\/#website"},"primaryImageOfPage":{"@id":"https:\/\/childrightsenvironment.org\/es\/acerca-de\/#primaryimage"},"image":{"@id":"https:\/\/childrightsenvironment.org\/es\/acerca-de\/#primaryimage"},"thumbnailUrl":"https:\/\/childrightsenvironment.org\/wp-content\/uploads\/2021\/12\/GC-thumbnail_ES.jpg","datePublished":"2021-11-25T14:46:15+00:00","dateModified":"2023-12-12T11:51:08+00:00","description":"Crear normas universales para que los gobiernos defiendan los derechos de la ni\u00f1ez afectados por la crisis medioambiental y clim\u00e1tica. \u00a1Comparte tu voz!","breadcrumb":{"@id":"https:\/\/childrightsenvironment.org\/es\/acerca-de\/#breadcrumb"},"inLanguage":"es","potentialAction":[{"@type":"ReadAction","target":["https:\/\/childrightsenvironment.org\/es\/acerca-de\/"]}]},{"@type":"ImageObject","inLanguage":"es","@id":"https:\/\/childrightsenvironment.org\/es\/acerca-de\/#primaryimage","url":"https:\/\/childrightsenvironment.org\/wp-content\/uploads\/2021\/12\/GC-thumbnail_ES.jpg","contentUrl":"https:\/\/childrightsenvironment.org\/wp-content\/uploads\/2021\/12\/GC-thumbnail_ES.jpg","width":811,"height":811},{"@type":"BreadcrumbList","@id":"https:\/\/childrightsenvironment.org\/es\/acerca-de\/#breadcrumb","itemListElement":[{"@type":"ListItem","position":1,"name":"Home","item":"https:\/\/childrightsenvironment.org\/es\/"},{"@type":"ListItem","position":2,"name":"Acerca de"}]},{"@type":"WebSite","@id":"https:\/\/childrightsenvironment.org\/es\/#website","url":"https:\/\/childrightsenvironment.org\/es\/","name":"General Comment \u2013\u00a0Child rights, environment and climate change","description":"Derechos del ni\u00f1o, medio ambiente y cambio clim\u00e1tico","publisher":{"@id":"https:\/\/childrightsenvironment.org\/es\/#organization"},"potentialAction":[{"@type":"SearchAction","target":{"@type":"EntryPoint","urlTemplate":"https:\/\/childrightsenvironment.org\/es\/?s={search_term_string}"},"query-input":{"@type":"PropertyValueSpecification","valueRequired":true,"valueName":"search_term_string"}}],"inLanguage":"es"},{"@type":"Organization","@id":"https:\/\/childrightsenvironment.org\/es\/#organization","name":"General Comment \u2013 Child rights, environment and climate change","url":"https:\/\/childrightsenvironment.org\/es\/","logo":{"@type":"ImageObject","inLanguage":"es","@id":"https:\/\/childrightsenvironment.org\/es\/#\/schema\/logo\/image\/","url":"https:\/\/childrightsenvironment.org\/wp-content\/uploads\/2021\/11\/211124_Logo-web-small.png","contentUrl":"https:\/\/childrightsenvironment.org\/wp-content\/uploads\/2021\/11\/211124_Logo-web-small.png","width":450,"height":192,"caption":"General Comment \u2013 Child rights, environment and climate change"},"image":{"@id":"https:\/\/childrightsenvironment.org\/es\/#\/schema\/logo\/image\/"},"sameAs":["https:\/\/www.facebook.com\/tdh.de","https:\/\/x.com\/tdh_de","https:\/\/www.instagram.com\/tdh_de\/","https:\/\/www.linkedin.com\/company\/terre-des-hommes-deutschland\/","https:\/\/www.youtube.com\/user\/tdhdeutschland\/channels","https:\/\/de.wikipedia.org\/wiki\/Terre_des_hommes"]}]}},"_links":{"self":[{"href":"https:\/\/childrightsenvironment.org\/es\/wp-json\/wp\/v2\/pages\/767","targetHints":{"allow":["GET"]}}],"collection":[{"href":"https:\/\/childrightsenvironment.org\/es\/wp-json\/wp\/v2\/pages"}],"about":[{"href":"https:\/\/childrightsenvironment.org\/es\/wp-json\/wp\/v2\/types\/page"}],"author":[{"embeddable":true,"href":"https:\/\/childrightsenvironment.org\/es\/wp-json\/wp\/v2\/users\/1"}],"replies":[{"embeddable":true,"href":"https:\/\/childrightsenvironment.org\/es\/wp-json\/wp\/v2\/comments?post=767"}],"version-history":[{"count":14,"href":"https:\/\/childrightsenvironment.org\/es\/wp-json\/wp\/v2\/pages\/767\/revisions"}],"predecessor-version":[{"id":6217,"href":"https:\/\/childrightsenvironment.org\/es\/wp-json\/wp\/v2\/pages\/767\/revisions\/6217"}],"wp:featuredmedia":[{"embeddable":true,"href":"https:\/\/childrightsenvironment.org\/es\/wp-json\/wp\/v2\/media\/859"}],"wp:attachment":[{"href":"https:\/\/childrightsenvironment.org\/es\/wp-json\/wp\/v2\/media?parent=767"}],"curies":[{"name":"wp","href":"https:\/\/api.w.org\/{rel}","templated":true}]}}